{"id":20,"date":"2025-07-02T09:29:01","date_gmt":"2025-07-02T07:29:01","guid":{"rendered":"http:\/\/localhost\/agroberza.com.mk\/?page_id=20"},"modified":"2025-07-08T10:23:20","modified_gmt":"2025-07-08T08:23:20","slug":"%d0%be%d1%80%d0%b3%d0%b0%d0%bd%d0%b8%d0%b7%d0%b0%d1%86%d0%b8%d0%be%d0%bd%d0%b0-%d1%81%d1%82%d1%80%d1%83%d0%ba%d1%82%d1%83%d1%80%d0%b0","status":"publish","type":"page","link":"https:\/\/agroberza.com.mk\/alb\/?page_id=20","title":{"rendered":"Struktura organizative"},"content":{"rendered":"\n<div class=\"wp-block-columns is-layout-flex wp-container-core-columns-is-layout-9d6595d7 wp-block-columns-is-layout-flex\">\n<div class=\"wp-block-column is-layout-flow wp-block-column-is-layout-flow\">\n<p>Struktura jon\u00eb organizative \u00ebsht\u00eb hartuar me kujdes p\u00ebr t\u00eb siguruar komunikim efikas, ndarje t\u00eb qart\u00eb t\u00eb p\u00ebrgjegj\u00ebsive dhe funksionim optimal t\u00eb t\u00eb gjitha departamenteve.<\/p>\n\n\n\n<p>Kjo skem\u00eb organizative tregon t\u00eb gjitha departamentet kryesore dhe lidhjet e tyre, gj\u00eb q\u00eb lejon transparenc\u00eb dhe koordinim m\u00eb t\u00eb mir\u00eb n\u00eb operacione.<\/p>\n\n\n\n<p>Ky p\u00ebrfaq\u00ebsim vizual pasqyron vlerat tona thelb\u00ebsore q\u00eb jan\u00eb themeli i suksesit dhe zhvillimit ton\u00eb t\u00eb vazhduesh\u00ebm.<\/p>\n\n\n\n<ul class=\"wp-block-list\">\n<li>ekipor<\/li>\n\n\n\n<li>p\u00ebrgjegj\u00ebsi dhe<\/li>\n\n\n\n<li>menaxhim strategjik<\/li>\n<\/ul>\n<\/div>\n\n\n\n<div class=\"wp-block-column is-layout-flow wp-block-column-is-layout-flow\">\n<figure class=\"wp-block-image size-full\"><img loading=\"lazy\" decoding=\"async\" width=\"703\" height=\"533\" src=\"http:\/\/localhost\/agroberza.com.mk\/alb\/wp-content\/uploads\/2025\/07\/organogram_al.png\" alt=\"\" class=\"wp-image-130\" srcset=\"https:\/\/agroberza.com.mk\/alb\/wp-content\/uploads\/2025\/07\/organogram_al.png 703w, https:\/\/agroberza.com.mk\/alb\/wp-content\/uploads\/2025\/07\/organogram_al-300x227.png 300w\" sizes=\"auto, (max-width: 703px) 100vw, 703px\" \/><\/figure>\n<\/div>\n<\/div>\n","protected":false},"excerpt":{"rendered":"<p>Struktura jon\u00eb organizative \u00ebsht\u00eb hartuar me kujdes p\u00ebr t\u00eb siguruar komunikim efikas, ndarje t\u00eb qart\u00eb t\u00eb p\u00ebrgjegj\u00ebsive dhe funksionim optimal t\u00eb t\u00eb gjitha departamenteve. Kjo skem\u00eb organizative tregon t\u00eb gjitha departamentet kryesore dhe lidhjet e tyre, gj\u00eb q\u00eb lejon transparenc\u00eb dhe koordinim m\u00eb t\u00eb mir\u00eb n\u00eb operacione. Ky p\u00ebrfaq\u00ebsim vizual pasqyron vlerat tona thelb\u00ebsore q\u00eb [&hellip;]<\/p>\n","protected":false},"author":1,"featured_media":0,"parent":0,"menu_order":0,"comment_status":"closed","ping_status":"closed","template":"","meta":{"footnotes":""},"class_list":["post-20","page","type-page","status-publish","hentry"],"_links":{"self":[{"href":"https:\/\/agroberza.com.mk\/alb\/index.php?rest_route=\/wp\/v2\/pages\/20","targetHints":{"allow":["GET"]}}],"collection":[{"href":"https:\/\/agroberza.com.mk\/alb\/index.php?rest_route=\/wp\/v2\/pages"}],"about":[{"href":"https:\/\/agroberza.com.mk\/alb\/index.php?rest_route=\/wp\/v2\/types\/page"}],"author":[{"embeddable":true,"href":"https:\/\/agroberza.com.mk\/alb\/index.php?rest_route=\/wp\/v2\/users\/1"}],"replies":[{"embeddable":true,"href":"https:\/\/agroberza.com.mk\/alb\/index.php?rest_route=%2Fwp%2Fv2%2Fcomments&post=20"}],"version-history":[{"count":4,"href":"https:\/\/agroberza.com.mk\/alb\/index.php?rest_route=\/wp\/v2\/pages\/20\/revisions"}],"predecessor-version":[{"id":131,"href":"https:\/\/agroberza.com.mk\/alb\/index.php?rest_route=\/wp\/v2\/pages\/20\/revisions\/131"}],"wp:attachment":[{"href":"https:\/\/agroberza.com.mk\/alb\/index.php?rest_route=%2Fwp%2Fv2%2Fmedia&parent=20"}],"curies":[{"name":"wp","href":"https:\/\/api.w.org\/{rel}","templated":true}]}}