{"id":35,"date":"2025-07-02T11:01:20","date_gmt":"2025-07-02T09:01:20","guid":{"rendered":"http:\/\/localhost\/agroberza.com.mk\/?page_id=35"},"modified":"2025-07-31T09:50:57","modified_gmt":"2025-07-31T07:50:57","slug":"%d0%b4%d0%be%d0%ba%d1%83%d0%bc%d0%b5%d0%bd%d1%82%d0%b8","status":"publish","type":"page","link":"https:\/\/agroberza.com.mk\/alb\/?page_id=35","title":{"rendered":"Dokumente"},"content":{"rendered":"\n<div class=\"row\">\n                <div class=\"col-xs-12\">\n                  <div class=\"table-responsive\" data-pattern=\"priority-columns\">\n                    <table class=\"table table-bordered table-hover\">\n                      <thead>\n                        <tr>\n                          <th>Emri i dokumentit<\/th>\n                          <th>Tip<\/th>\n                          <th data-priority=\"3\">Shkarko<\/th>\n                        <\/tr>\n                      <\/thead>\n                      <tbody>\n                        <tr>\n                          <td>Ndryshimet n\u00eb sistematizimin &#8211; 10.02.2021<\/td>\n                          <td>MS Word<\/td>\n                          <td><a target=\"_blank\" href=\"doc\/ijk\/sistematizacija\/izmeni%20na%20sistematizacija%2010.02.2021.docx\">Shkarko<\/a><\/td>\n                        <\/tr>\n                        <tr>\n                          <td>Ndryshimet n\u00eb sistematizimin &#8211; 01.02.2022<\/td>\n                           <td>MS Word<\/td>\n                          <td><a target=\"_blank\" href=\"doc\/ijk\/sistematizacija\/spisok so vraboteni za web01.02.2022.docx\">Shkarko<\/a><\/td>\n                        <\/tr>\n                        <tr>\n                          <td>Ndryshimet n\u00eb sistematizimin &#8211; 06.07.2022<\/td>\n                          <td>MS Word<\/td>\n                          <td><a target=\"_blank\" href=\"doc\/ijk\/sistematizacija\/izmeni%20na%20sistematizacija%2006.07.2022-%D0%BA%D0%BE%D1%80%D0%B5%D0%BA%D1%86%D0%B8%D0%B8.docx\">Shkarko<\/a><\/td>\n                        <\/tr>\n                        <tr>\n                          <td>Rregullorja e sistematizimit <\/td>\n                          <td>PDF<\/td>\n                          <td><a target=\"_blank\" href=\"doc\/ijk\/pravilnik za sistematizacija.pdf\">Shkarko<\/a><\/td>\n                        <\/tr>\n                        <tr>\n                          <td>Rregullore e organizimit t\u00eb brendsh\u00ebm<\/td>\n                          <td>PDF<\/td>\n                          <td><a target=\"_blank\" href=\"doc\/ijk\/pravilnik za vnatresna organizacija.pdf\">Shkarko<\/a><\/td>\n                        <\/tr>\n                        <tr>\n                          <td>Tabela e vendeve t\u00eb pun\u00ebs 08.07.2022.docx<\/td>\n                          <td>MS Word<\/td>\n                          <td><a target=\"_blank\" href=\"doc\/ijk\/sistematizacija\/\u0422\u0430\u0431\u0435\u043b\u0430 \u043d\u0430 \u0440\u0430\u0431\u043e\u0442\u043d\u0438 \u043c\u0435\u0441\u0442\u0430 -\u043a\u043e\u043d\u0441\u043e\u043b\u0438\u0434\u0438\u0440\u0430\u043d \u0442\u0435\u043a\u0441\u0442 08.07.2022.docx\">Shkarko<\/a><\/td>\n                        <\/tr>\n                        <tr>\n                          <td>Lista e punonj\u00ebsve<\/td>\n                          <td>MS Word<\/td>\n                          <td><a target=\"_blank\" href=\"doc\/ijk\/spisok%20so%20vraboteni%20za%20web16.08.2024%20(2).docx\">Shkarko<\/a><\/td>\n                        <\/tr>\n<tr>\n                          <td>\u0422\u0430\u0431\u0435\u043b\u0430 \u043d\u0430 \u0440\u0430\u0431\u043e\u0442\u043d\u0438 \u043c\u0435\u0441\u0442\u0430 -\u043a\u043e\u043d\u0441\u043e\u043b\u0438\u0434\u0438\u0440\u0430\u043d \u0442\u0435\u043a\u0441\u044210.11.2022<\/td>\n                          <td>MS Word<\/td>\n                          <td><a target=\"_blank\" href=\"https:\/\/agroberza.com.mk\/doc\/%D0%A2%D0%B0%D0%B1%D0%B5%D0%BB%D0%B0%20%D0%BD%D0%B0%20%D1%80%D0%B0%D0%B1%D0%BE%D1%82%D0%BD%D0%B8%20%D0%BC%D0%B5%D1%81%D1%82%D0%B0%20-%D0%BA%D0%BE%D0%BD%D1%81%D0%BE%D0%BB%D0%B8%D0%B4%D0%B8%D1%80%D0%B0%D0%BD%20%D1%82%D0%B5%D0%BA%D1%81%D1%8210.11.2022.docx\">\u041f\u0440\u0435\u0437\u0435\u043c\u0438<\/a><\/td>\n                        <\/tr>\n<tr>\n                          <td>\u041f\u0440\u0430\u0432\u0438\u043b\u043d\u0438\u043a \u0437\u0430 \u0441\u0438\u0441\u0442\u0435\u043c\u0430\u0442\u0438\u0437\u0430\u0446\u0438\u0458\u0430 01.11.2022<\/td>\n                          <td>PDF<\/td>\n                          <td><a target=\"_blank\" href=\"https:\/\/agroberza.com.mk\/doc\/Pravilnik%20za%20sistematizacija%2001-11-2022.pdf\">\u041f\u0440\u0435\u0437\u0435\u043c\u0438<\/a><\/td>\n                        <\/tr>\n                      <\/tbody>\n\n                    <\/table>\n                  <\/div>\n\n                <\/div>\n              <\/div>\n","protected":false},"excerpt":{"rendered":"<p>Emri i dokumentit Tip Shkarko Ndryshimet n\u00eb sistematizimin &#8211; 10.02.2021 MS Word Shkarko Ndryshimet n\u00eb sistematizimin &#8211; 01.02.2022 MS Word Shkarko Ndryshimet n\u00eb sistematizimin &#8211; 06.07.2022 MS Word Shkarko Rregullorja e sistematizimit PDF Shkarko Rregullore e organizimit t\u00eb brendsh\u00ebm PDF Shkarko Tabela e vendeve t\u00eb pun\u00ebs 08.07.2022.docx MS Word Shkarko Lista e punonj\u00ebsve MS Word [&hellip;]<\/p>\n","protected":false},"author":1,"featured_media":0,"parent":0,"menu_order":0,"comment_status":"closed","ping_status":"closed","template":"","meta":{"footnotes":""},"class_list":["post-35","page","type-page","status-publish","hentry"],"_links":{"self":[{"href":"https:\/\/agroberza.com.mk\/alb\/index.php?rest_route=\/wp\/v2\/pages\/35","targetHints":{"allow":["GET"]}}],"collection":[{"href":"https:\/\/agroberza.com.mk\/alb\/index.php?rest_route=\/wp\/v2\/pages"}],"about":[{"href":"https:\/\/agroberza.com.mk\/alb\/index.php?rest_route=\/wp\/v2\/types\/page"}],"author":[{"embeddable":true,"href":"https:\/\/agroberza.com.mk\/alb\/index.php?rest_route=\/wp\/v2\/users\/1"}],"replies":[{"embeddable":true,"href":"https:\/\/agroberza.com.mk\/alb\/index.php?rest_route=%2Fwp%2Fv2%2Fcomments&post=35"}],"version-history":[{"count":5,"href":"https:\/\/agroberza.com.mk\/alb\/index.php?rest_route=\/wp\/v2\/pages\/35\/revisions"}],"predecessor-version":[{"id":175,"href":"https:\/\/agroberza.com.mk\/alb\/index.php?rest_route=\/wp\/v2\/pages\/35\/revisions\/175"}],"wp:attachment":[{"href":"https:\/\/agroberza.com.mk\/alb\/index.php?rest_route=%2Fwp%2Fv2%2Fmedia&parent=35"}],"curies":[{"name":"wp","href":"https:\/\/api.w.org\/{rel}","templated":true}]}}